{"id":5576,"date":"2021-10-05T15:13:01","date_gmt":"2021-10-05T15:13:01","guid":{"rendered":"https:\/\/wannijn.be\/particulier\/"},"modified":"2021-11-02T13:20:06","modified_gmt":"2021-11-02T13:20:06","slug":"particulier","status":"publish","type":"page","link":"https:\/\/wannijn.be\/fr\/particulier\/","title":{"rendered":"Particulier"},"content":{"rendered":"<p>[et_pb_section fb_built=\u00a0\u00bb1&Prime; _builder_version=\u00a0\u00bb4.8.1&Prime; background_color=\u00a0\u00bb#FFFFFF\u00a0\u00bb background_image=\u00a0\u00bbhttps:\/\/wannijn.be\/wp-content\/uploads\/2021\/03\/7-1.jpg\u00a0\u00bb custom_margin=\u00a0\u00bb||35px|||\u00a0\u00bb custom_padding=\u00a0\u00bb||0px|||\u00a0\u00bb custom_css_after=\u00a0\u00bbcontent:\u00a0\u00bb;||background-color:rgba(0,0,0,0.25);||width:100%;||height:100%;||position:absolute;||left:0;||top:0;\u00a0\u00bb][et_pb_row column_structure=\u00a0\u00bb1_2,1_2&Prime; _builder_version=\u00a0\u00bb4.8.1&Prime; custom_padding=\u00a0\u00bb100px||||false|false\u00a0\u00bb][et_pb_column type=\u00a0\u00bb1_2&Prime; _builder_version=\u00a0\u00bb3.26.1&Prime;][et_pb_text _builder_version=\u00a0\u00bb4.8.1&Prime; text_text_color=\u00a0\u00bb#ffffff\u00a0\u00bb text_font_size=\u00a0\u00bb16px\u00a0\u00bb header_text_color=\u00a0\u00bb#ffffff\u00a0\u00bb custom_margin=\u00a0\u00bb||5px|||\u00a0\u00bb custom_padding=\u00a0\u00bb||0px|||\u00a0\u00bb locked=\u00a0\u00bboff\u00a0\u00bb]<\/p>\n<h1>Particulier<\/h1>\n<p>[\/et_pb_text][et_pb_button button_url=\u00a0\u00bb@ET-DC@eyJkeW5hbWljIjp0cnVlLCJjb250ZW50IjoicG9zdF9saW5rX3VybF9wYWdlIiwic2V0dGluZ3MiOnsicG9zdF9pZCI6IjIyMSJ9fQ==@\u00a0\u00bb button_text=\u00a0\u00bbDemander une offre de prix\u00a0\u00bb _builder_version=\u00a0\u00bb4.8.1&Prime; _dynamic_attributes=\u00a0\u00bbbutton_url\u00a0\u00bb custom_margin=\u00a0\u00bb23px||22px|||\u00a0\u00bb][\/et_pb_button][\/et_pb_column][et_pb_column type=\u00a0\u00bb1_2&Prime; _builder_version=\u00a0\u00bb3.26.1&Prime;][\/et_pb_column][\/et_pb_row][\/et_pb_section][et_pb_section fb_built=\u00a0\u00bb1&Prime; _builder_version=\u00a0\u00bb3.26.1&Prime; custom_padding=\u00a0\u00bb0px||0px|||\u00a0\u00bb locked=\u00a0\u00bboff\u00a0\u00bb][et_pb_row _builder_version=\u00a0\u00bb3.26.1&Prime; custom_padding=\u00a0\u00bb||0px|||\u00a0\u00bb][et_pb_column type=\u00a0\u00bb4_4&Prime; _builder_version=\u00a0\u00bb3.26.1&Prime;][et_pb_text _builder_version=\u00a0\u00bb4.8.1&Prime; custom_padding=\u00a0\u00bb1px|||||\u00a0\u00bb]<\/p>\n<h2>Le projet total de votre jardin<\/h2>\n<p><span><\/span><\/p>\n<p><span><\/span><\/p>\n<p style=\"text-align: justify;\"><span>Gr\u00e2ce \u00e0 nos connaissances et \u00e0 nos ann\u00e9es d&rsquo;exp\u00e9rience, nous sommes en mesure de r\u00e9aliser le projet global de votre jardin. De la conception par un architecte paysagiste \u00e0 l\u2019am\u00e9nagement total de l&rsquo;environnement ext\u00e9rieur. <\/span><\/p>\n<p><span><\/span><\/p>\n<p>[\/et_pb_text][\/et_pb_column][\/et_pb_row][et_pb_row column_structure=\u00a0\u00bb1_3,1_3,1_3&Prime; _builder_version=\u00a0\u00bb4.8.1&Prime; _module_preset=\u00a0\u00bbdefault\u00a0\u00bb custom_padding=\u00a0\u00bb||0px|||\u00a0\u00bb][et_pb_column type=\u00a0\u00bb1_3&Prime; _builder_version=\u00a0\u00bb4.8.1&Prime; _module_preset=\u00a0\u00bbdefault\u00a0\u00bb][et_pb_image src=\u00a0\u00bbhttps:\/\/wannijn.be\/wp-content\/uploads\/2021\/03\/34-1.jpg\u00a0\u00bb title_text=\u00a0\u00bb34&Prime; _builder_version=\u00a0\u00bb4.8.1&Prime; _module_preset=\u00a0\u00bbdefault\u00a0\u00bb][\/et_pb_image][et_pb_text _builder_version=\u00a0\u00bb4.8.1&Prime; _module_preset=\u00a0\u00bbdefault\u00a0\u00bb]<\/p>\n<h2>Conception<\/h2>\n<p style=\"text-align: justify;\">Nos architectes paysagistes sont responsables de la conception d&rsquo;un jardin \u00e9l\u00e9gant et durable qui r\u00e9pond \u00e0 vos exigences et \u00e0 vos souhaits.<\/p>\n<p>[\/et_pb_text][\/et_pb_column][et_pb_column type=\u00a0\u00bb1_3&Prime; _builder_version=\u00a0\u00bb4.8.1&Prime; _module_preset=\u00a0\u00bbdefault\u00a0\u00bb][et_pb_image src=\u00a0\u00bbhttps:\/\/wannijn.be\/wp-content\/uploads\/2021\/03\/Beplantingswerken2mp2-1.jpg\u00a0\u00bb title_text=\u00a0\u00bbBeplantingswerken2mp2&Prime; _builder_version=\u00a0\u00bb4.8.1&Prime; _module_preset=\u00a0\u00bbdefault\u00a0\u00bb][\/et_pb_image][et_pb_text _builder_version=\u00a0\u00bb4.8.1&Prime; _module_preset=\u00a0\u00bbdefault\u00a0\u00bb]<\/p>\n<h2>Am\u00e9nagement du jardin<\/h2>\n<p style=\"text-align: justify;\">Nous nous occupons de l\u2019am\u00e9nagement de votre jardin de A \u00e0 Z : terrassement, pavage &#8211; terrasses et all\u00e9es &#8211; plantations, \u00e9tangs (de baignade), toits verts, jardins de toit,&#8230;<\/p>\n<p>[\/et_pb_text][\/et_pb_column][et_pb_column type=\u00a0\u00bb1_3&Prime; _builder_version=\u00a0\u00bb4.8.1&Prime; _module_preset=\u00a0\u00bbdefault\u00a0\u00bb][et_pb_image src=\u00a0\u00bbhttps:\/\/wannijn.be\/wp-content\/uploads\/2021\/03\/99.jpg\u00a0\u00bb title_text=\u00a0\u00bb99&Prime; _builder_version=\u00a0\u00bb4.8.1&Prime; _module_preset=\u00a0\u00bbdefault\u00a0\u00bb][\/et_pb_image][et_pb_text _builder_version=\u00a0\u00bb4.8.1&Prime; _module_preset=\u00a0\u00bbdefault\u00a0\u00bb text_text_color=\u00a0\u00bb#000000&Prime; header_text_color=\u00a0\u00bb#000000&Prime; header_2_text_color=\u00a0\u00bb#000000&Prime; custom_css_main_element=\u00a0\u00bbcolor:#000 !important;\u00a0\u00bb]<\/p>\n<h2><span style=\"color: #0a0a0a;\">Entretien<\/span><\/h2>\n<p style=\"text-align: justify;\">Nos jardiniers exp\u00e9riment\u00e9s sont charg\u00e9s de l&rsquo;entretien de votre jardin. Leur entretien professionnel permet \u00e0 votre jardin de montrer sa splendeur \u00e0 chaque saison de l&rsquo;ann\u00e9e.<\/p>\n<p style=\"text-align: justify;\">\n<p style=\"text-align: justify;\">\n<p><span style=\"color: #0a0a0a;\"><\/span><\/p>\n<p>[\/et_pb_text][\/et_pb_column][\/et_pb_row][\/et_pb_section][et_pb_section fb_built=\u00a0\u00bb1&Prime; _builder_version=\u00a0\u00bb4.8.1&Prime; background_color=\u00a0\u00bb#FFFFFF\u00a0\u00bb custom_padding=\u00a0\u00bb0px||0px|||\u00a0\u00bb locked=\u00a0\u00bboff\u00a0\u00bb][et_pb_row _builder_version=\u00a0\u00bb4.8.1&Prime; custom_padding=\u00a0\u00bb||0px|||\u00a0\u00bb][et_pb_column type=\u00a0\u00bb4_4&Prime; _builder_version=\u00a0\u00bb3.26.1&Prime;][et_pb_text _builder_version=\u00a0\u00bb4.8.1&Prime; custom_padding=\u00a0\u00bb0px|||||\u00a0\u00bb]<\/p>\n<h2 style=\"text-align: center;\"><span style=\"color: #000000;\">Nos r\u00e9alisations:<\/span><\/h2>\n<p>[\/et_pb_text][\/et_pb_column][\/et_pb_row][\/et_pb_section][et_pb_section fb_built=\u00a0\u00bb1&Prime; _builder_version=\u00a0\u00bb3.26.1&Prime; custom_padding=\u00a0\u00bb0px||95px|||\u00a0\u00bb][et_pb_row _builder_version=\u00a0\u00bb4.8.1&Prime; width=\u00a0\u00bb100%\u00a0\u00bb max_width=\u00a0\u00bb2560px\u00a0\u00bb locked=\u00a0\u00bboff\u00a0\u00bb][et_pb_column type=\u00a0\u00bb4_4&Prime; _builder_version=\u00a0\u00bb3.26.1&Prime;][et_pb_gallery _builder_version=\u00a0\u00bb4.9.7&Prime; _module_preset=\u00a0\u00bbdefault\u00a0\u00bb show_title_and_caption=\u00a0\u00bboff\u00a0\u00bb show_pagination=\u00a0\u00bboff\u00a0\u00bb zoom_icon_color=\u00a0\u00bbRGBA(0,0,0,0)\u00a0\u00bb hover_overlay_color=\u00a0\u00bbRGBA(0,0,0,0)\u00a0\u00bb hover_enabled=\u00a0\u00bb0&Prime; sticky_enabled=\u00a0\u00bb0&Prime; gallery_ids=\u00a0\u00bb1796,1782,1784,1756,4275,4231,1790,1792,1794,1788,1786,1780,1778,1776,1774,1772,1770,1754,1758,1760,1762,1764,1766,1768,1752,1750,1748,1746,1744,1742,1740,1738,1722,1724,1726,1728,1730,1732,1734,1736,1720,1704,1683,1681,1697,1718,1716,1695,1679,1677,1693,1714,1712,1691,1675,1673,1671,1669,1685,1687,1708,1706,1710,1657,1659,1661,1663,1665,1667,1653,1651,1576,1633,1631,1629,1641,1639,1637,1635,1643,1645,1647,1649,1627,1625,1623,1578&Prime; custom_css_gallery_item=\u00a0\u00bbpadding:0;||margin:10px !important;||width:23.7% !important;\u00a0\u00bb custom_css_gallery_item_last_edited=\u00a0\u00bbon|phone\u00a0\u00bb custom_css_gallery_item_phone=\u00a0\u00bbpadding:0;||margin: 10px !important;\u00a0\u00bb posts_number=\u00a0\u00bb100&Prime;][\/et_pb_gallery][\/et_pb_column][\/et_pb_row][\/et_pb_section][et_pb_section fb_built=\u00a0\u00bb1&Prime; _builder_version=\u00a0\u00bb3.26.1&Prime; background_color=\u00a0\u00bb#004831&Prime; custom_padding=\u00a0\u00bb0px||15px|||\u00a0\u00bb locked=\u00a0\u00bboff\u00a0\u00bb][et_pb_row column_structure=\u00a0\u00bb1_2,1_4,1_4&Prime; _builder_version=\u00a0\u00bb4.8.1&Prime; custom_padding=\u00a0\u00bb0px|||||\u00a0\u00bb][et_pb_column type=\u00a0\u00bb1_2&Prime; _builder_version=\u00a0\u00bb3.26.1&Prime; custom_padding=\u00a0\u00bb70px||||false|false\u00a0\u00bb][et_pb_text _builder_version=\u00a0\u00bb3.27.4&Prime; text_text_color=\u00a0\u00bb#ffffff\u00a0\u00bb header_text_color=\u00a0\u00bb#ffffff\u00a0\u00bb header_2_text_color=\u00a0\u00bb#ffffff\u00a0\u00bb header_3_text_color=\u00a0\u00bb#ffffff\u00a0\u00bb]<\/p>\n<h3>Rejoignez notre \u00e9quipe!<\/h3>\n<p><strong>Nos activit\u00e9s, \u00e9tant li\u00e9es \u00e0 la r\u00e9gion, nos employ\u00e9s viennent surtout de la population locale, ce qui nous donne un certain ancrage dans la r\u00e9gion. Au sein de notre entreprise en pleine croissance, nous sommes toujours \u00e0 la recherche des bons employ\u00e9s, un maillon tr\u00e8s important de cette histoire. Si vous souhaitez faire partie de notre \u00e9quipe, n&rsquo;h\u00e9sitez pas \u00e0 nous contacter!<\/strong><\/p>\n<p>[\/et_pb_text][et_pb_button button_url=\u00a0\u00bb@ET-DC@eyJkeW5hbWljIjp0cnVlLCJjb250ZW50IjoicG9zdF9saW5rX3VybF9wYWdlIiwic2V0dGluZ3MiOnsicG9zdF9pZCI6IjIxMyJ9fQ==@\u00a0\u00bb button_text=\u00a0\u00bbVers offres d&#8217;emploi\u00a0\u00bb _builder_version=\u00a0\u00bb4.9.4&Prime; _dynamic_attributes=\u00a0\u00bbbutton_url\u00a0\u00bb button_text_color=\u00a0\u00bb#004831&Prime; button_bg_color=\u00a0\u00bb#ffffff\u00a0\u00bb][\/et_pb_button][\/et_pb_column][et_pb_column type=\u00a0\u00bb1_4&Prime; _builder_version=\u00a0\u00bb3.26.1&Prime; custom_css_main_element=\u00a0\u00bbmargin-top:-30px\u00a0\u00bb box_shadow_style=\u00a0\u00bbpreset1&Prime; box_shadow_vertical=\u00a0\u00bb5px\u00a0\u00bb box_shadow_blur=\u00a0\u00bb30px\u00a0\u00bb][et_pb_image src=\u00a0\u00bbhttps:\/\/wannijn.be\/wp-content\/uploads\/2021\/01\/kom-bij-ons-team-1.png\u00a0\u00bb _builder_version=\u00a0\u00bb3.26.1&Prime; custom_padding=\u00a0\u00bb0px|||||\u00a0\u00bb box_shadow_style=\u00a0\u00bbpreset1&Prime; box_shadow_vertical=\u00a0\u00bb5px\u00a0\u00bb box_shadow_blur=\u00a0\u00bb40px\u00a0\u00bb box_shadow_color=\u00a0\u00bbrgba(0,0,0,0.1)\u00a0\u00bb][\/et_pb_image][\/et_pb_column][et_pb_column type=\u00a0\u00bb1_4&Prime; _builder_version=\u00a0\u00bb3.26.1&Prime; custom_padding=\u00a0\u00bb||||false|false\u00a0\u00bb][et_pb_image src=\u00a0\u00bbhttps:\/\/wannijn.be\/wp-content\/uploads\/2021\/01\/kom-bij-ons-team-2.png\u00a0\u00bb _builder_version=\u00a0\u00bb3.26.1&Prime; custom_css_main_element=\u00a0\u00bbmargin-top:-30px;\u00a0\u00bb box_shadow_style=\u00a0\u00bbpreset1&Prime; box_shadow_vertical=\u00a0\u00bb5px\u00a0\u00bb box_shadow_blur=\u00a0\u00bb40px\u00a0\u00bb box_shadow_color=\u00a0\u00bbrgba(0,0,0,0.2)\u00a0\u00bb][\/et_pb_image][\/et_pb_column][\/et_pb_row][\/et_pb_section]<\/p>\n","protected":false},"excerpt":{"rendered":"<p>ParticulierLe projet total de votre jardin Gr\u00e2ce \u00e0 nos connaissances et \u00e0 nos ann\u00e9es d&rsquo;exp\u00e9rience, nous sommes en mesure de r\u00e9aliser le projet global de votre jardin. De la conception par un architecte paysagiste \u00e0 l\u2019am\u00e9nagement total de l&rsquo;environnement ext\u00e9rieur. Conception Nos architectes paysagistes sont responsables de la conception d&rsquo;un jardin \u00e9l\u00e9gant et durable qui [&hellip;]<\/p>\n","protected":false},"author":1,"featured_media":0,"parent":0,"menu_order":0,"comment_status":"closed","ping_status":"closed","template":"","meta":{"_et_pb_use_builder":"on","_et_pb_old_content":"","_et_gb_content_width":"","footnotes":""},"class_list":["post-5576","page","type-page","status-publish","hentry"],"_links":{"self":[{"href":"https:\/\/wannijn.be\/fr\/wp-json\/wp\/v2\/pages\/5576","targetHints":{"allow":["GET"]}}],"collection":[{"href":"https:\/\/wannijn.be\/fr\/wp-json\/wp\/v2\/pages"}],"about":[{"href":"https:\/\/wannijn.be\/fr\/wp-json\/wp\/v2\/types\/page"}],"author":[{"embeddable":true,"href":"https:\/\/wannijn.be\/fr\/wp-json\/wp\/v2\/users\/1"}],"replies":[{"embeddable":true,"href":"https:\/\/wannijn.be\/fr\/wp-json\/wp\/v2\/comments?post=5576"}],"version-history":[{"count":0,"href":"https:\/\/wannijn.be\/fr\/wp-json\/wp\/v2\/pages\/5576\/revisions"}],"wp:attachment":[{"href":"https:\/\/wannijn.be\/fr\/wp-json\/wp\/v2\/media?parent=5576"}],"curies":[{"name":"wp","href":"https:\/\/api.w.org\/{rel}","templated":true}]}}