{"id":5583,"date":"2021-10-05T15:16:32","date_gmt":"2021-10-05T15:16:32","guid":{"rendered":"https:\/\/wannijn.be\/eau\/"},"modified":"2021-10-28T05:51:32","modified_gmt":"2021-10-28T05:51:32","slug":"eau","status":"publish","type":"page","link":"https:\/\/wannijn.be\/fr\/eau\/","title":{"rendered":"Eau"},"content":{"rendered":"<p>[et_pb_section fb_built=\u00a0\u00bb1&Prime; _builder_version=\u00a0\u00bb4.8.1&Prime; background_image=\u00a0\u00bbhttps:\/\/wannijn.be\/wp-content\/uploads\/2021\/03\/GENTWATER1.jpg\u00a0\u00bb custom_margin=\u00a0\u00bb||||false|false\u00a0\u00bb custom_padding=\u00a0\u00bb100px||100px||false|false\u00a0\u00bb custom_css_after=\u00a0\u00bbcontent:\u00a0\u00bb;||background-color:rgba(0,0,0,0.10);||width:100%;||height:100%;||position:absolute;||left:0;||top:0;\u00a0\u00bb][et_pb_row column_structure=\u00a0\u00bb3_5,2_5&Prime; _builder_version=\u00a0\u00bb4.8.1&Prime; custom_padding=\u00a0\u00bb100px||||false|false\u00a0\u00bb][et_pb_column type=\u00a0\u00bb3_5&Prime; _builder_version=\u00a0\u00bb3.26.1&Prime;][\/et_pb_column][et_pb_column type=\u00a0\u00bb2_5&Prime; _builder_version=\u00a0\u00bb3.26.1&Prime;][\/et_pb_column][\/et_pb_row][\/et_pb_section][et_pb_section fb_built=\u00a0\u00bb1&Prime; _builder_version=\u00a0\u00bb4.8.1&Prime; _module_preset=\u00a0\u00bbdefault\u00a0\u00bb background_color=\u00a0\u00bb#004831&Prime; custom_padding=\u00a0\u00bb0px||0px|||\u00a0\u00bb locked=\u00a0\u00bboff\u00a0\u00bb][et_pb_row _builder_version=\u00a0\u00bb4.8.1&Prime; _module_preset=\u00a0\u00bbdefault\u00a0\u00bb custom_margin=\u00a0\u00bb0px||0px||false|false\u00a0\u00bb custom_padding=\u00a0\u00bb5px||5px||false|false\u00a0\u00bb][et_pb_column type=\u00a0\u00bb4_4&Prime; _builder_version=\u00a0\u00bb4.8.1&Prime; _module_preset=\u00a0\u00bbdefault\u00a0\u00bb][et_pb_text _builder_version=\u00a0\u00bb4.8.1&Prime; _module_preset=\u00a0\u00bbdefault\u00a0\u00bb text_font=\u00a0\u00bb|||on|||||\u00a0\u00bb text_text_color=\u00a0\u00bb#FFFFFF\u00a0\u00bb header_font=\u00a0\u00bbLato|700|||||||\u00a0\u00bb header_font_size=\u00a0\u00bb42px\u00a0\u00bb header_line_height=\u00a0\u00bb1.5em\u00a0\u00bb background_layout=\u00a0\u00bbdark\u00a0\u00bb custom_css_main_element=\u00a0\u00bbpadding-bottom: 0px !important;\u00a0\u00bb]<\/p>\n<h1>Eau<\/h1>\n<p>[\/et_pb_text][\/et_pb_column][\/et_pb_row][\/et_pb_section][et_pb_section fb_built=\u00a0\u00bb1&Prime; _builder_version=\u00a0\u00bb4.8.1&Prime; background_color=\u00a0\u00bbrgba(0,0,0,0.05)\u00a0\u00bb custom_padding=\u00a0\u00bb0px||0px|||\u00a0\u00bb][et_pb_row column_structure=\u00a0\u00bb1_2,1_2&Prime; _builder_version=\u00a0\u00bb4.8.1&Prime; _module_preset=\u00a0\u00bbdefault\u00a0\u00bb custom_padding=\u00a0\u00bb95px||40px|||\u00a0\u00bb][et_pb_column type=\u00a0\u00bb1_2&Prime; _builder_version=\u00a0\u00bb4.8.1&Prime; _module_preset=\u00a0\u00bbdefault\u00a0\u00bb][et_pb_text _builder_version=\u00a0\u00bb4.8.1&Prime; _module_preset=\u00a0\u00bbdefault\u00a0\u00bb]<\/p>\n<h2 style=\"text-align: justify\"><\/h2>\n<p> <span style=\"font-family: 'Francois One', Helvetica, Arial, Lucida, sans-serif;font-size: 26px;text-align: justify\">Expert en travaux d&rsquo;ing\u00e9nierie hydraulique<\/span><\/p>\n<p style=\"text-align: justify\">Dans la mise en \u0153uvre de nos projets d&rsquo;infrastructure, nous sommes de plus en plus confront\u00e9s \u00e0 des travaux d&rsquo;ing\u00e9nierie hydraulique. D&rsquo;une part, la mont\u00e9e du niveau de l&rsquo;eau pose des d\u00e9fis \u00e0 notre soci\u00e9t\u00e9, ce qui entra\u00eene un passage \u00e0 des travaux techniques de gestion durable de l&rsquo;eau. D&rsquo;autre part, les concepteurs voient de plus en plus la valeur ajout\u00e9e de l&rsquo;aspect \u00ab\u00a0eau\u00a0\u00bb dans des projets innovants r\u00e9alis\u00e9s sur ou m\u00eame dans l&rsquo;eau. Gr\u00e2ce \u00e0 l&rsquo;expertise n\u00e9cessaire et \u00e0 un parc de machines moderne, bien d\u00e9velopp\u00e9 et adapt\u00e9, les sp\u00e9cialit\u00e9s suivantes ne nous posent aucun probl\u00e8me.<\/p>\n<p>[\/et_pb_text][\/et_pb_column][et_pb_column type=\u00a0\u00bb1_2&Prime; _builder_version=\u00a0\u00bb4.8.1&Prime; _module_preset=\u00a0\u00bbdefault\u00a0\u00bb][et_pb_code _builder_version=\u00a0\u00bb4.8.1&Prime; _module_preset=\u00a0\u00bbdefault\u00a0\u00bb min_height=\u00a0\u00bb276.3px\u00a0\u00bb][\/et_pb_code][\/et_pb_column][\/et_pb_row][et_pb_row _builder_version=\u00a0\u00bb4.8.1&Prime; background_color=\u00a0\u00bbRGBA(0,0,0,0)\u00a0\u00bb custom_margin=\u00a0\u00bb|auto|35px|auto||\u00a0\u00bb custom_padding=\u00a0\u00bb65px||2px|||\u00a0\u00bb][et_pb_column type=\u00a0\u00bb4_4&Prime; _builder_version=\u00a0\u00bb3.26.1&Prime;][et_pb_tabs _builder_version=\u00a0\u00bb4.8.1&Prime; background_color=\u00a0\u00bbRGBA(0,0,0,0)\u00a0\u00bb custom_padding=\u00a0\u00bb|0px||0px|false|false\u00a0\u00bb custom_css_main_element=\u00a0\u00bbborder:0;\u00a0\u00bb custom_css_tab=\u00a0\u00bbbackground-color:transparent !important;||width:16.1%;||text-align:center;||text-transform:uppercase;||font-size:12px;||letter-spacing:0.5px;||font-weight:300;||border:0;||padding:10px;\u00a0\u00bb custom_css_active_tab=\u00a0\u00bbfont-weight:800;||border-bottom: 2px solid #044831;||background-color: transparent !important;\u00a0\u00bb custom_css_tabs_content=\u00a0\u00bbmargin:40px;\u00a0\u00bb custom_css_tab_last_edited=\u00a0\u00bbon|phone\u00a0\u00bb custom_css_tab_tablet=\u00a0\u00bbbackground-color: transparent !important;||font-weight:300;||padding:15px 0 !important;||width:100% !important;||border-bottom: 1px solid #DEDEDE;\u00a0\u00bb custom_css_tabs_content_last_edited=\u00a0\u00bbon|phone\u00a0\u00bb custom_css_tabs_content_tablet=\u00a0\u00bbmargin: 40px 0;\u00a0\u00bb][et_pb_tab title=\u00a0\u00bbTravaux de protection des berges\u00a0\u00bb _builder_version=\u00a0\u00bb4.8.1&Prime; custom_padding=\u00a0\u00bb0px||0px||false|false\u00a0\u00bb]<\/p>\n<div class=\"et_pb_column et_pb_column_2_5 et_pb_css_mix_blend_mode_passthrough\">\n<h3>Travaux de protection des berges<\/h3>\n<p style=\"text-align: justify\">La soci\u00e9t\u00e9 Wannijn effectue des travaux de protection des berges pour maintenir les cours d&rsquo;eau dans leurs gabarits. Ils peuvent aussi faire partie d&rsquo;un projet plus vaste de reconstruction des voies navigables pour faciliter les loisirs.<\/p>\n<\/div>\n<div class=\"et_pb_column et_pb_column_3_5 et_pb_css_mix_blend_mode_passthrough\">[et_pb_section global_module=\"4765\"][\/et_pb_section]<\/div>\n<p>[\/et_pb_tab][et_pb_tab title=\u00a0\u00bbBassins d&rsquo;infiltration \/ stockage de l&rsquo;eau\u00a0\u00bb _builder_version=\u00a0\u00bb4.8.1&Prime;]<\/p>\n<div class=\"et_pb_column et_pb_column_2_5 et_pb_css_mix_blend_mode_passthrough\">\n<h3>Bassins d&rsquo;infiltration \/ stockage de l&rsquo;eau<\/h3>\n<p style=\"text-align: justify\">La soci\u00e9t\u00e9 Wannijn construit des bassins d&rsquo;eau pour \u2018endiguer\u2019 le probl\u00e8me d\u2019inondations. Cela se fait par le biais d&rsquo;une excavation compl\u00e8te ou par la construction de digues pour cr\u00e9er une zone de stockage. Si n\u00e9cessaire, les cours d&rsquo;eau sont enti\u00e8rement recalibr\u00e9s et des zones d&rsquo;inondation forc\u00e9e sont cr\u00e9\u00e9es le long du trac\u00e9 du ruisseau.<\/p>\n<\/div>\n<div class=\"et_pb_column et_pb_column_3_5 et_pb_css_mix_blend_mode_passthrough\">[et_pb_section global_module=\"4829\"][\/et_pb_section]<\/div>\n<p>[\/et_pb_tab][et_pb_tab title=\u00a0\u00bbOuvrages d&rsquo;art hydrauliques\u00a0\u00bb _builder_version=\u00a0\u00bb4.8.1&Prime;]<\/p>\n<div class=\"et_pb_column et_pb_column_2_5 et_pb_css_mix_blend_mode_passthrough\">\n<h3>Ouvrages d&rsquo;art hydrauliques<\/h3>\n<p style=\"text-align: justify\">Dans de nombreux cours d&rsquo;eau ou plans d&rsquo;eau stagnants, des structures doivent \u00eatre construites pour contr\u00f4ler le flux d&rsquo;eau lui-m\u00eame, ou pour son int\u00e9gration dans l&rsquo;environnement afin de promouvoir les loisirs. Nous parlons des vo\u00fbtements de la voie navigable, de la r\u00e9alisation de constructions de pontons, de ponts et d&rsquo;autres constructions architecturales dans, sur ou au-dessus de l&rsquo;eau.<\/p>\n<\/div>\n<div class=\"et_pb_column et_pb_column_3_5 et_pb_css_mix_blend_mode_passthrough\">[et_pb_section global_module=\"4703\"][\/et_pb_section]<\/div>\n<p>[\/et_pb_tab][et_pb_tab title=\u00a0\u00bbTravaux d\u2019ing\u00e9nierie hydraulique durables\u00a0\u00bb _builder_version=\u00a0\u00bb4.8.1&Prime;]<\/p>\n<div class=\"et_pb_column et_pb_column_2_5 et_pb_css_mix_blend_mode_passthrough\">\n<h3>Travaux d\u2019ing\u00e9nierie hydraulique durables<\/h3>\n<p style=\"text-align: justify\">Dans le pass\u00e9, le b\u00e9ton \u00e9tait le mat\u00e9riau de choix pour les vo\u00fbtements, palplanches, etc. Aujourd&rsquo;hui, les travaux de gestion de l&rsquo;eau sont r\u00e9alis\u00e9s autant que possible avec des mat\u00e9riaux durables et naturels et l&rsquo;on utilise des piquets de protection de talus, des gabions, des murs de sout\u00e8nement en bois, &#8230;<\/p>\n<\/div>\n<div class=\"et_pb_column et_pb_column_3_5 et_pb_css_mix_blend_mode_passthrough\">[et_pb_section global_module=\"4817\"][\/et_pb_section]<\/div>\n<p>[\/et_pb_tab][et_pb_tab title=\u00a0\u00bbEntretien des voies navigables et des \u00e9tangs\u00a0\u00bb _builder_version=\u00a0\u00bb4.8.1&Prime;]<\/p>\n<div class=\"et_pb_column et_pb_column_2_5 et_pb_css_mix_blend_mode_passthrough\">\n<h3>Entretien des voies navigables et des \u00e9tangs<\/h3>\n<p style=\"text-align: justify\">Wannijn dispose des machines et de l&rsquo;exp\u00e9rience n\u00e9cessaire pour effectuer les travaux li\u00e9s \u00e0 l&rsquo;eau ainsi que la maintenance ult\u00e9rieure. Nous nous chargeons du dragage des \u00e9tangs et des cours d&rsquo;eau et nous assurons le suivi de l&rsquo;entretien vert le long de la voie d&rsquo;eau.<\/p>\n<\/div>\n<div class=\"et_pb_column et_pb_column_3_5 et_pb_css_mix_blend_mode_passthrough\">[et_pb_section global_module=\"4807\"][\/et_pb_section]<\/div>\n<p>[\/et_pb_tab][et_pb_tab title=\u00a0\u00bb\u00c9tangs \/ fontaines\u00a0\u00bb _builder_version=\u00a0\u00bb4.8.1&Prime;]<\/p>\n<div class=\"et_pb_column et_pb_column_2_5 et_pb_css_mix_blend_mode_passthrough\">\n<h3>\u00c9tangs \/ fontaines<\/h3>\n<p style=\"text-align: justify\">En tant qu&rsquo;\u00e9l\u00e9ment naturel, l&rsquo;eau ne doit pas seulement \u00eatre consid\u00e9r\u00e9e comme un moyen de transport et de drainage primaire, mais aussi comme un \u00e9l\u00e9ment r\u00e9cr\u00e9atif, sous la forme de bassins ou de fontaines, par exemple.<\/p>\n<p style=\"text-align: justify\">Ces \u00e9l\u00e9ments sont fr\u00e9quemment int\u00e9gr\u00e9s dans les projets que nous entreprenons.<\/p>\n<p style=\"text-align: justify\">Nous r\u00e9alisons des constructions de fontaines dans diff\u00e9rentes configurations. Pour les bassins, on distingue les bassins naturels, avec ou sans plantes comme \u00e9l\u00e9ments filtrants, avec une \u00e9tanch\u00e9it\u00e9 bitumineuse, ou de mani\u00e8re totalement naturelle avec une \u00e9tanch\u00e9it\u00e9 \u00e0 la bentonite, &#8230; ; et les bassins encastr\u00e9s dans des structures en b\u00e9ton dans un environnement plus urbanis\u00e9.<\/p>\n<p style=\"text-align: justify\">Outre la mise en \u0153uvre proprement dite, vous pouvez toujours nous contacter pour obtenir une expertise et poser des questions \u00e0 ce sujet.<\/p>\n<\/div>\n<div class=\"et_pb_column et_pb_column_3_5 et_pb_css_mix_blend_mode_passthrough\">[et_pb_section global_module=\"4738\"][\/et_pb_section]<\/div>\n<p>[\/et_pb_tab][\/et_pb_tabs][\/et_pb_column][\/et_pb_row][\/et_pb_section][et_pb_section fb_built=\u00a0\u00bb1&Prime; _builder_version=\u00a0\u00bb3.26.1&Prime; custom_padding=\u00a0\u00bb0px||123px|||\u00a0\u00bb][et_pb_row _builder_version=\u00a0\u00bb4.8.1&Prime; width=\u00a0\u00bb100%\u00a0\u00bb max_width=\u00a0\u00bb2560px\u00a0\u00bb locked=\u00a0\u00bboff\u00a0\u00bb][et_pb_column type=\u00a0\u00bb4_4&Prime; _builder_version=\u00a0\u00bb3.26.1&Prime;][et_pb_text _builder_version=\u00a0\u00bb3.27.4&Prime;]<\/p>\n<h2 style=\"text-align: center\">Projets<\/h2>\n<p>[\/et_pb_text][et_pb_portfolio fullwidth=\u00a0\u00bboff\u00a0\u00bb posts_number=\u00a0\u00bb100&Prime; include_categories=\u00a0\u00bb24&Prime; show_categories=\u00a0\u00bboff\u00a0\u00bb zoom_icon_color=\u00a0\u00bb#ffffff\u00a0\u00bb hover_overlay_color=\u00a0\u00bbrgba(0,72,49,0.75)\u00a0\u00bb module_class=\u00a0\u00bbmagma_project_grid\u00a0\u00bb _builder_version=\u00a0\u00bb4.8.1&Prime; title_level=\u00a0\u00bbh5&Prime; title_font=\u00a0\u00bbLato||||||||\u00a0\u00bb title_text_color=\u00a0\u00bb#ffffff\u00a0\u00bb title_font_size=\u00a0\u00bb14px\u00a0\u00bb custom_css_overlay_icon=\u00a0\u00bbdisplay:none;\u00a0\u00bb custom_css_portfolio_title=\u00a0\u00bbborder-bottom: 1px solid #FFF !important;\u00a0\u00bb border_width_all_image=\u00a0\u00bb2px\u00a0\u00bb border_color_all_image=\u00a0\u00bb#FFFFFF\u00a0\u00bb][\/et_pb_portfolio][\/et_pb_column][\/et_pb_row][\/et_pb_section][et_pb_section fb_built=\u00a0\u00bb1&Prime; _builder_version=\u00a0\u00bb4.9.7&Prime; background_color=\u00a0\u00bb#004831&Prime; custom_padding=\u00a0\u00bb0px||15px|||\u00a0\u00bb hover_enabled=\u00a0\u00bb0&Prime; locked=\u00a0\u00bboff\u00a0\u00bb disabled_on=\u00a0\u00bbon|on|on\u00a0\u00bb disabled=\u00a0\u00bbon\u00a0\u00bb sticky_enabled=\u00a0\u00bb0&Prime;][et_pb_row column_structure=\u00a0\u00bb1_2,1_4,1_4&Prime; _builder_version=\u00a0\u00bb3.26.1&Prime; custom_padding=\u00a0\u00bb0px|||||\u00a0\u00bb][et_pb_column type=\u00a0\u00bb1_2&Prime; _builder_version=\u00a0\u00bb3.26.1&Prime; custom_padding=\u00a0\u00bb70px||||false|false\u00a0\u00bb][et_pb_text _builder_version=\u00a0\u00bb4.8.1&Prime; text_text_color=\u00a0\u00bb#ffffff\u00a0\u00bb header_text_color=\u00a0\u00bb#ffffff\u00a0\u00bb header_2_text_color=\u00a0\u00bb#ffffff\u00a0\u00bb header_3_text_color=\u00a0\u00bb#ffffff\u00a0\u00bb]<\/p>\n<h3>Rejoignez notre \u00e9quipe!<\/h3>\n<p style=\"text-align: justify\">Nos activit\u00e9s, \u00e9tant li\u00e9es \u00e0 la r\u00e9gion, nos employ\u00e9s viennent surtout de la population locale, ce qui nous donne un certain ancrage dans la r\u00e9gion. Au sein de notre entreprise en pleine croissance, nous sommes toujours \u00e0 la recherche des bons employ\u00e9s, un maillon tr\u00e8s important de cette histoire. Si vous souhaitez faire partie de notre \u00e9quipe, n&rsquo;h\u00e9sitez pas \u00e0 nous contacter!<\/p>\n<p>[\/et_pb_text][et_pb_button button_url=\u00a0\u00bb@ET-DC@eyJkeW5hbWljIjp0cnVlLCJjb250ZW50IjoicG9zdF9saW5rX3VybF9wYWdlIiwic2V0dGluZ3MiOnsicG9zdF9pZCI6IjIxMyJ9fQ==@\u00a0\u00bb button_text=\u00a0\u00bbVers offres d&#8217;emploi\u00a0\u00bb _builder_version=\u00a0\u00bb4.8.1&Prime; _dynamic_attributes=\u00a0\u00bbbutton_url\u00a0\u00bb button_text_color=\u00a0\u00bb#004831&Prime; button_bg_color=\u00a0\u00bb#ffffff\u00a0\u00bb][\/et_pb_button][\/et_pb_column][et_pb_column type=\u00a0\u00bb1_4&Prime; _builder_version=\u00a0\u00bb3.26.1&Prime; custom_css_main_element=\u00a0\u00bbmargin-top:-30px\u00a0\u00bb box_shadow_style=\u00a0\u00bbpreset1&Prime; box_shadow_vertical=\u00a0\u00bb5px\u00a0\u00bb box_shadow_blur=\u00a0\u00bb30px\u00a0\u00bb][et_pb_image src=\u00a0\u00bbhttps:\/\/wannijn.be\/wp-content\/uploads\/2021\/01\/kom-bij-ons-team-1.png\u00a0\u00bb _builder_version=\u00a0\u00bb3.26.1&Prime; custom_padding=\u00a0\u00bb0px|||||\u00a0\u00bb box_shadow_style=\u00a0\u00bbpreset1&Prime; box_shadow_vertical=\u00a0\u00bb5px\u00a0\u00bb box_shadow_blur=\u00a0\u00bb40px\u00a0\u00bb box_shadow_color=\u00a0\u00bbrgba(0,0,0,0.1)\u00a0\u00bb][\/et_pb_image][\/et_pb_column][et_pb_column type=\u00a0\u00bb1_4&Prime; _builder_version=\u00a0\u00bb3.26.1&Prime; custom_padding=\u00a0\u00bb||||false|false\u00a0\u00bb][et_pb_image src=\u00a0\u00bbhttps:\/\/wannijn.be\/wp-content\/uploads\/2021\/01\/kom-bij-ons-team-2.png\u00a0\u00bb _builder_version=\u00a0\u00bb3.26.1&Prime; custom_css_main_element=\u00a0\u00bbmargin-top:-30px;\u00a0\u00bb box_shadow_style=\u00a0\u00bbpreset1&Prime; box_shadow_vertical=\u00a0\u00bb5px\u00a0\u00bb box_shadow_blur=\u00a0\u00bb40px\u00a0\u00bb box_shadow_color=\u00a0\u00bbrgba(0,0,0,0.2)\u00a0\u00bb][\/et_pb_image][\/et_pb_column][\/et_pb_row][\/et_pb_section]<\/p>\n","protected":false},"excerpt":{"rendered":"<p>Eau Expert en travaux d&rsquo;ing\u00e9nierie hydraulique Dans la mise en \u0153uvre de nos projets d&rsquo;infrastructure, nous sommes de plus en plus confront\u00e9s \u00e0 des travaux d&rsquo;ing\u00e9nierie hydraulique. D&rsquo;une part, la mont\u00e9e du niveau de l&rsquo;eau pose des d\u00e9fis \u00e0 notre soci\u00e9t\u00e9, ce qui entra\u00eene un passage \u00e0 des travaux techniques de gestion durable de l&rsquo;eau. [&hellip;]<\/p>\n","protected":false},"author":1,"featured_media":0,"parent":0,"menu_order":0,"comment_status":"closed","ping_status":"closed","template":"","meta":{"_et_pb_use_builder":"on","_et_pb_old_content":"","_et_gb_content_width":"","footnotes":""},"class_list":["post-5583","page","type-page","status-publish","hentry"],"_links":{"self":[{"href":"https:\/\/wannijn.be\/fr\/wp-json\/wp\/v2\/pages\/5583","targetHints":{"allow":["GET"]}}],"collection":[{"href":"https:\/\/wannijn.be\/fr\/wp-json\/wp\/v2\/pages"}],"about":[{"href":"https:\/\/wannijn.be\/fr\/wp-json\/wp\/v2\/types\/page"}],"author":[{"embeddable":true,"href":"https:\/\/wannijn.be\/fr\/wp-json\/wp\/v2\/users\/1"}],"replies":[{"embeddable":true,"href":"https:\/\/wannijn.be\/fr\/wp-json\/wp\/v2\/comments?post=5583"}],"version-history":[{"count":0,"href":"https:\/\/wannijn.be\/fr\/wp-json\/wp\/v2\/pages\/5583\/revisions"}],"wp:attachment":[{"href":"https:\/\/wannijn.be\/fr\/wp-json\/wp\/v2\/media?parent=5583"}],"curies":[{"name":"wp","href":"https:\/\/api.w.org\/{rel}","templated":true}]}}